{"id":4692,"date":"2023-12-12T09:15:59","date_gmt":"2023-12-12T09:15:59","guid":{"rendered":"https:\/\/www.emmi.fi\/blogg\/"},"modified":"2026-01-30T07:25:12","modified_gmt":"2026-01-30T07:25:12","slug":"blogg","status":"publish","type":"page","link":"https:\/\/www.emmi.fi\/sv\/blogg\/","title":{"rendered":"Blogg"},"content":{"rendered":"\t\t<div data-elementor-type=\"wp-page\" data-elementor-id=\"4692\" class=\"elementor elementor-4692 elementor-57\" data-elementor-post-type=\"page\">\n\t\t\t\t<div class=\"elementor-element elementor-element-3eac73bd e-flex e-con-boxed e-con e-parent\" data-id=\"3eac73bd\" data-element_type=\"container\" data-settings=\"{&quot;background_background&quot;:&quot;classic&quot;}\">\n\t\t\t\t\t<div class=\"e-con-inner\">\n\t\t\t\t<div class=\"elementor-element elementor-element-106b0df4 elementor-widget elementor-widget-heading\" data-id=\"106b0df4\" data-element_type=\"widget\" data-widget_type=\"heading.default\">\n\t\t\t\t<div class=\"elementor-widget-container\">\n\t\t\t\t\t<h1 class=\"elementor-heading-title elementor-size-default\">Blogi<\/h1>\t\t\t\t<\/div>\n\t\t\t\t<\/div>\n\t\t\t\t\t<\/div>\n\t\t\t\t<\/div>\n\t\t<div class=\"elementor-element elementor-element-9d45e94 e-flex e-con-boxed e-con e-parent\" data-id=\"9d45e94\" data-element_type=\"container\">\n\t\t\t\t\t<div class=\"e-con-inner\">\n\t\t\t\t<div class=\"elementor-element elementor-element-b6fa125 elementor-grid-2 elementor-grid-tablet-2 elementor-grid-mobile-1 elementor-posts--thumbnail-top elementor-card-shadow-yes elementor-posts__hover-gradient elementor-widget elementor-widget-posts\" data-id=\"b6fa125\" data-element_type=\"widget\" data-settings=\"{&quot;cards_columns&quot;:&quot;2&quot;,&quot;cards_columns_tablet&quot;:&quot;2&quot;,&quot;cards_columns_mobile&quot;:&quot;1&quot;,&quot;cards_row_gap&quot;:{&quot;unit&quot;:&quot;px&quot;,&quot;size&quot;:35,&quot;sizes&quot;:[]},&quot;cards_row_gap_laptop&quot;:{&quot;unit&quot;:&quot;px&quot;,&quot;size&quot;:&quot;&quot;,&quot;sizes&quot;:[]},&quot;cards_row_gap_tablet_extra&quot;:{&quot;unit&quot;:&quot;px&quot;,&quot;size&quot;:&quot;&quot;,&quot;sizes&quot;:[]},&quot;cards_row_gap_tablet&quot;:{&quot;unit&quot;:&quot;px&quot;,&quot;size&quot;:&quot;&quot;,&quot;sizes&quot;:[]},&quot;cards_row_gap_mobile_extra&quot;:{&quot;unit&quot;:&quot;px&quot;,&quot;size&quot;:&quot;&quot;,&quot;sizes&quot;:[]},&quot;cards_row_gap_mobile&quot;:{&quot;unit&quot;:&quot;px&quot;,&quot;size&quot;:&quot;&quot;,&quot;sizes&quot;:[]}}\" data-widget_type=\"posts.cards\">\n\t\t\t\t<div class=\"elementor-widget-container\">\n\t\t\t\t\t\t\t<div class=\"elementor-posts-container elementor-posts elementor-posts--skin-cards elementor-grid\" role=\"list\">\n\t\t\t\t<article class=\"elementor-post elementor-grid-item post-4572 post type-post status-publish format-standard has-post-thumbnail hentry category-blogi\" role=\"listitem\">\n\t\t\t<div class=\"elementor-post__card\">\n\t\t\t\t<a class=\"elementor-post__thumbnail__link\" href=\"https:\/\/www.emmi.fi\/sv\/alla-kan-skapa-visuellt-innehall-med-emmi-create\/\" tabindex=\"-1\" ><div class=\"elementor-post__thumbnail\"><img fetchpriority=\"high\" decoding=\"async\" width=\"768\" height=\"471\" src=\"https:\/\/www.emmi.fi\/wp-content\/uploads\/kuvituskuva-768x471.png\" class=\"attachment-medium_large size-medium_large wp-image-4573\" alt=\"\" srcset=\"https:\/\/www.emmi.fi\/wp-content\/uploads\/kuvituskuva-768x471.png 768w, https:\/\/www.emmi.fi\/wp-content\/uploads\/kuvituskuva-300x184.png 300w, https:\/\/www.emmi.fi\/wp-content\/uploads\/kuvituskuva-1024x628.png 1024w, https:\/\/www.emmi.fi\/wp-content\/uploads\/kuvituskuva.png 1426w\" sizes=\"(max-width: 768px) 100vw, 768px\" \/><\/div><\/a>\n\t\t\t\t<div class=\"elementor-post__badge\">Blogi<\/div>\n\t\t\t\t<div class=\"elementor-post__text\">\n\t\t\t\t<h2 class=\"elementor-post__title\">\n\t\t\t<a href=\"https:\/\/www.emmi.fi\/sv\/alla-kan-skapa-visuellt-innehall-med-emmi-create\/\" >\n\t\t\t\tAlla kan skapa visuellt inneh\u00e5ll med EMMi Create\t\t\t<\/a>\n\t\t<\/h2>\n\t\t\t\t<div class=\"elementor-post__excerpt\">\n\t\t\t<p>EMMi Create \u00e4r ett effektivt verktyg f\u00f6r att skapa visuellt inneh\u00e5ll utan kunskaper eller utbildning i grafisk design. Med hj\u00e4lp av EMMi Create kan anv\u00e4ndarna<\/p>\n\t\t<\/div>\n\t\t\n\t\t<a class=\"elementor-post__read-more\" href=\"https:\/\/www.emmi.fi\/sv\/alla-kan-skapa-visuellt-innehall-med-emmi-create\/\" aria-label=\"L\u00e4s mer om Alla kan skapa visuellt inneh\u00e5ll med EMMi Create\" tabindex=\"-1\" >\n\t\t\tLue kokonaan \u00bb\t\t<\/a>\n\n\t\t\t\t<\/div>\n\t\t\t\t<div class=\"elementor-post__meta-data\">\n\t\t\t\t\t<span class=\"elementor-post-date\">\n\t\t\t11.11.2024\t\t<\/span>\n\t\t\t\t<\/div>\n\t\t\t\t\t<\/div>\n\t\t<\/article>\n\t\t\t\t<article class=\"elementor-post elementor-grid-item post-4566 post type-post status-publish format-standard has-post-thumbnail hentry category-blogi\" role=\"listitem\">\n\t\t\t<div class=\"elementor-post__card\">\n\t\t\t\t<a class=\"elementor-post__thumbnail__link\" href=\"https:\/\/www.emmi.fi\/sv\/valio-och-dess-intressentgrupper-anvander-granos-tjanst-for-materialhantering-emmi\/\" tabindex=\"-1\" ><div class=\"elementor-post__thumbnail\"><img decoding=\"async\" width=\"768\" height=\"439\" src=\"https:\/\/www.emmi.fi\/wp-content\/uploads\/case-valio-03-feature-768x439.webp\" class=\"attachment-medium_large size-medium_large wp-image-4567\" alt=\"\" srcset=\"https:\/\/www.emmi.fi\/wp-content\/uploads\/case-valio-03-feature-768x439.webp 768w, https:\/\/www.emmi.fi\/wp-content\/uploads\/case-valio-03-feature-300x171.webp 300w, https:\/\/www.emmi.fi\/wp-content\/uploads\/case-valio-03-feature.webp 875w\" sizes=\"(max-width: 768px) 100vw, 768px\" \/><\/div><\/a>\n\t\t\t\t<div class=\"elementor-post__badge\">Blogi<\/div>\n\t\t\t\t<div class=\"elementor-post__text\">\n\t\t\t\t<h2 class=\"elementor-post__title\">\n\t\t\t<a href=\"https:\/\/www.emmi.fi\/sv\/valio-och-dess-intressentgrupper-anvander-granos-tjanst-for-materialhantering-emmi\/\" >\n\t\t\t\tValio och dess intressentgrupper anv\u00e4nder Granos tj\u00e4nst f\u00f6r materialhantering EMMi\t\t\t<\/a>\n\t\t<\/h2>\n\t\t\t\t<div class=\"elementor-post__excerpt\">\n\t\t\t<p>Det duggar inte med provtryck och e-postmeddelanden p\u00e5 Valio. Valios hela materialhantering har koncentrerats till Granos tj\u00e4nst f\u00f6r materialhantering EMMi och de anv\u00e4nder ocks\u00e5 projekthanteringstj\u00e4nsten.<\/p>\n\t\t<\/div>\n\t\t\n\t\t<a class=\"elementor-post__read-more\" href=\"https:\/\/www.emmi.fi\/sv\/valio-och-dess-intressentgrupper-anvander-granos-tjanst-for-materialhantering-emmi\/\" aria-label=\"L\u00e4s mer om Valio och dess intressentgrupper anv\u00e4nder Granos tj\u00e4nst f\u00f6r materialhantering EMMi\" tabindex=\"-1\" >\n\t\t\tLue kokonaan \u00bb\t\t<\/a>\n\n\t\t\t\t<\/div>\n\t\t\t\t<div class=\"elementor-post__meta-data\">\n\t\t\t\t\t<span class=\"elementor-post-date\">\n\t\t\t27.5.2024\t\t<\/span>\n\t\t\t\t<\/div>\n\t\t\t\t\t<\/div>\n\t\t<\/article>\n\t\t\t\t<\/div>\n\t\t\n\t\t\t\t\t\t<\/div>\n\t\t\t\t<\/div>\n\t\t\t\t\t<\/div>\n\t\t\t\t<\/div>\n\t\t<div class=\"elementor-element elementor-element-2bac6235 e-flex e-con-boxed e-con e-parent\" data-id=\"2bac6235\" data-element_type=\"container\" data-settings=\"{&quot;background_background&quot;:&quot;classic&quot;}\">\n\t\t\t\t\t<div class=\"e-con-inner\">\n\t\t<div class=\"elementor-element elementor-element-48bf9ea0 e-con-full e-flex e-con e-child\" data-id=\"48bf9ea0\" data-element_type=\"container\">\n\t\t\t\t<div class=\"elementor-element elementor-element-7402381b elementor-widget elementor-widget-heading\" data-id=\"7402381b\" data-element_type=\"widget\" data-widget_type=\"heading.default\">\n\t\t\t\t<div class=\"elementor-widget-container\">\n\t\t\t\t\t<h2 class=\"elementor-heading-title elementor-size-default\">Her\u00e4sik\u00f6 jotain kysytt\u00e4v\u00e4\u00e4?<\/h2>\t\t\t\t<\/div>\n\t\t\t\t<\/div>\n\t\t\t\t<div class=\"elementor-element elementor-element-4f5c29cb elementor-widget elementor-widget-text-editor\" data-id=\"4f5c29cb\" data-element_type=\"widget\" data-widget_type=\"text-editor.default\">\n\t\t\t\t<div class=\"elementor-widget-container\">\n\t\t\t\t\t\t\t\t\t<p>Asiakaspalvelumme on valmiina vastaamaan kaikkiin kysymyksiin ja opastamaan yrityksenne alkuun sovelluksen kanssa.<\/p>\t\t\t\t\t\t\t\t<\/div>\n\t\t\t\t<\/div>\n\t\t\t\t<\/div>\n\t\t<div class=\"elementor-element elementor-element-7559515c e-con-full e-flex e-con e-child\" data-id=\"7559515c\" data-element_type=\"container\">\n\t\t\t\t<div class=\"elementor-element elementor-element-4f76d9e elementor-widget__width-initial elementor-widget-tablet_extra__width-initial elementor-widget elementor-widget-button\" data-id=\"4f76d9e\" data-element_type=\"widget\" data-widget_type=\"button.default\">\n\t\t\t\t<div class=\"elementor-widget-container\">\n\t\t\t\t\t\t\t\t\t<div class=\"elementor-button-wrapper\">\n\t\t\t\t\t<a class=\"elementor-button elementor-button-link elementor-size-sm elementor-animation-grow\" href=\"https:\/\/www.emmi.fi\/ota-yhteytta\/\">\n\t\t\t\t\t\t<span class=\"elementor-button-content-wrapper\">\n\t\t\t\t\t\t\t\t\t<span class=\"elementor-button-text\">J\u00e4t\u00e4 yhteydenottopyynt\u00f6<\/span>\n\t\t\t\t\t<\/span>\n\t\t\t\t\t<\/a>\n\t\t\t\t<\/div>\n\t\t\t\t\t\t\t\t<\/div>\n\t\t\t\t<\/div>\n\t\t\t\t<div class=\"elementor-element elementor-element-6282f336 elementor-widget__width-initial elementor-widget elementor-widget-button\" data-id=\"6282f336\" data-element_type=\"widget\" data-widget_type=\"button.default\">\n\t\t\t\t<div class=\"elementor-widget-container\">\n\t\t\t\t\t\t\t\t\t<div class=\"elementor-button-wrapper\">\n\t\t\t\t\t<a class=\"elementor-button elementor-button-link elementor-size-sm elementor-animation-grow\" href=\"https:\/\/www.emmi.fi\/hinnasto#demotunnukset\">\n\t\t\t\t\t\t<span class=\"elementor-button-content-wrapper\">\n\t\t\t\t\t\t\t\t\t<span class=\"elementor-button-text\">Aloita kokeilu nyt!<\/span>\n\t\t\t\t\t<\/span>\n\t\t\t\t\t<\/a>\n\t\t\t\t<\/div>\n\t\t\t\t\t\t\t\t<\/div>\n\t\t\t\t<\/div>\n\t\t\t\t<\/div>\n\t\t\t\t\t<\/div>\n\t\t\t\t<\/div>\n\t\t\t\t<\/div>\n\t\t","protected":false},"excerpt":{"rendered":"<p>Blogi Her\u00e4sik\u00f6 jotain kysytt\u00e4v\u00e4\u00e4? Asiakaspalvelumme on valmiina vastaamaan kaikkiin kysymyksiin ja opastamaan yrityksenne alkuun sovelluksen kanssa. J\u00e4t\u00e4 yhteydenottopyynt\u00f6 Aloita kokeilu nyt!<\/p>\n","protected":false},"author":1,"featured_media":0,"parent":0,"menu_order":0,"comment_status":"closed","ping_status":"closed","template":"","meta":{"footnotes":""},"class_list":["post-4692","page","type-page","status-publish","hentry"],"_links":{"self":[{"href":"https:\/\/www.emmi.fi\/sv\/wp-json\/wp\/v2\/pages\/4692","targetHints":{"allow":["GET"]}}],"collection":[{"href":"https:\/\/www.emmi.fi\/sv\/wp-json\/wp\/v2\/pages"}],"about":[{"href":"https:\/\/www.emmi.fi\/sv\/wp-json\/wp\/v2\/types\/page"}],"author":[{"embeddable":true,"href":"https:\/\/www.emmi.fi\/sv\/wp-json\/wp\/v2\/users\/1"}],"replies":[{"embeddable":true,"href":"https:\/\/www.emmi.fi\/sv\/wp-json\/wp\/v2\/comments?post=4692"}],"version-history":[{"count":3,"href":"https:\/\/www.emmi.fi\/sv\/wp-json\/wp\/v2\/pages\/4692\/revisions"}],"predecessor-version":[{"id":5037,"href":"https:\/\/www.emmi.fi\/sv\/wp-json\/wp\/v2\/pages\/4692\/revisions\/5037"}],"wp:attachment":[{"href":"https:\/\/www.emmi.fi\/sv\/wp-json\/wp\/v2\/media?parent=4692"}],"curies":[{"name":"wp","href":"https:\/\/api.w.org\/{rel}","templated":true}]}}